{"id":474,"date":"2019-04-29T11:43:15","date_gmt":"2019-04-29T09:43:15","guid":{"rendered":"https:\/\/www.cscorporateadvisors.com\/aviso-legal\/"},"modified":"2019-05-13T17:40:17","modified_gmt":"2019-05-13T15:40:17","slug":"aviso-legal","status":"publish","type":"page","link":"https:\/\/cscorporateadvisors.com\/en\/aviso-legal\/","title":{"rendered":"Aviso legal"},"content":{"rendered":"<div class=\"wpb-content-wrapper\"><p>[vc_row row_height_percent=&#8221;60&#8243; back_image=&#8221;220&#8243; overlay_alpha=&#8221;50&#8243; gutter_size=&#8221;3&#8243; column_width_percent=&#8221;100&#8243; shift_y=&#8221;0&#8243; z_index=&#8221;0&#8243; el_class=&#8221;header-row&#8221;][vc_column column_width_percent=&#8221;55&#8243; position_horizontal=&#8221;left&#8221; position_vertical=&#8221;middle&#8221; style=&#8221;dark&#8221; overlay_alpha=&#8221;50&#8243; gutter_size=&#8221;3&#8243; medium_width=&#8221;0&#8243; mobile_width=&#8221;0&#8243; shift_x=&#8221;0&#8243; shift_y=&#8221;0&#8243; shift_y_down=&#8221;0&#8243; z_index=&#8221;0&#8243; width=&#8221;1\/1&#8243; el_class=&#8221;contenido-header&#8221;][\/vc_column][\/vc_row][vc_row row_height_percent=&#8221;0&#8243; overlay_alpha=&#8221;50&#8243; gutter_size=&#8221;3&#8243; column_width_percent=&#8221;100&#8243; shift_y=&#8221;0&#8243; z_index=&#8221;0&#8243; el_class=&#8221;seccion-header-servicios&#8221;][vc_column column_width_percent=&#8221;100&#8243; position_horizontal=&#8221;left&#8221; overlay_alpha=&#8221;50&#8243; gutter_size=&#8221;3&#8243; medium_width=&#8221;0&#8243; mobile_width=&#8221;0&#8243; shift_x=&#8221;0&#8243; shift_y=&#8221;0&#8243; shift_y_down=&#8221;0&#8243; z_index=&#8221;0&#8243; width=&#8221;1\/1&#8243;][vc_custom_heading heading_semantic=&#8221;h5&#8243; text_size=&#8221;&#8221; text_space=&#8221;fontspace-197945&#8243; text_weight=&#8221;600&#8243; text_transform=&#8221;uppercase&#8221; text_color=&#8221;color-xsdn&#8221; el_class=&#8221;margen-tituloh5&#8243;]Aviso Legal[\/vc_custom_heading][vc_custom_heading text_size=&#8221;&#8221; text_color=&#8221;color-825618&#8243;]\u00a9 CS Corporate Casas &amp; Sol\u00e9, S.L.[\/vc_custom_heading][\/vc_column][\/vc_row][vc_row row_height_percent=&#8221;0&#8243; overlay_alpha=&#8221;50&#8243; gutter_size=&#8221;4&#8243; column_width_percent=&#8221;100&#8243; shift_y=&#8221;0&#8243; z_index=&#8221;0&#8243; el_class=&#8221;row-contacto&#8221;][vc_column column_width_percent=&#8221;100&#8243; overlay_alpha=&#8221;50&#8243; gutter_size=&#8221;0&#8243; medium_width=&#8221;0&#8243; mobile_width=&#8221;0&#8243; shift_x=&#8221;0&#8243; shift_y=&#8221;0&#8243; shift_y_down=&#8221;0&#8243; z_index=&#8221;0&#8243; width=&#8221;1\/1&#8243; el_class=&#8221;direcciones&#8221;][vc_column_text]Propiedad de CS Corporate Casas &amp; Sol\u00e9, S.L. Prohibida la reproducci\u00f3n total o parcial sin permiso del propietario.<\/p>\n<p>CS Corporate Casas &amp; Sol\u00e9, S.L.<br \/>\nRoger de Ll\u00faria 118, 5\u00ba 2\u00aa<br \/>\n08037 BARCELONA<br \/>\nC.I.F. B61008389<br \/>\nInscrita en el Registro Mercantil de Barcelona en el tomo 29.160, folio 143, hoja n. B-151191<\/p>\n<p><strong>Condiciones de Uso del portal<\/strong><\/p>\n<p>Mediante esta p\u00e1gina web se facilita el acceso al portal web de CS CORPORATE CASAS &amp; SOL\u00c9, S.L. El hecho de conectarse a esta p\u00e1gina web implica la aceptaci\u00f3n del presente Aviso Legal.<\/p>\n<p><strong>Pol\u00edtica de privacidad<\/strong><\/p>\n<p>CS CORPORATE ADVISORS realiza dos tipos de captaci\u00f3n de datos: los personales y los no personales. Los datos no personales son el IP del visitante, ya que para fines estad\u00edsticos esta empresa considera necesario saber el pa\u00eds de procedencia de la visita y el n\u00famero de las mismas.<\/p>\n<p>Estos datos son \u00fanicamente consultados por nuestro personal y nunca revelan datos que puedan identificar directa \u00f3 indirectamente al visitante de la p\u00e1gina web.<\/p>\n<p>Le informamos que esta web no utiliza cookies.<\/p>\n<p><strong>Propiedad Intelectual<\/strong><\/p>\n<p>Todos los contenidos del Portal, entendiendo por estos a t\u00edtulo meramente enunciativo los textos, fotograf\u00edas, gr\u00e1ficos, im\u00e1genes, iconos, tecnolog\u00eda, software, links y dem\u00e1s contenidos, as\u00ed como su dise\u00f1o gr\u00e1fico y c\u00f3digos fuente son propiedad intelectual de nuestra compa\u00f1\u00eda, sin que puedan entenderse cedidos al Usuario ninguno de los derechos de explotaci\u00f3n sobre los mismos m\u00e1s all\u00e1 de lo estrictamente necesario para el correcto uso del Portal. Estos derechos est\u00e1n registrados en el Registro de la Propiedad Intelectual.<\/p>\n<p><strong>Propiedad Industrial, protecci\u00f3n del dominio<\/strong><\/p>\n<p>La marca CS CORPORATE ADVISORS est\u00e1 debidamente registrada, por lo que el dominio est\u00e1 protegido frente a cualquier intenci\u00f3n de usurpaci\u00f3n maliciosa del mismo.<\/p>\n<p><strong>Cumplimiento de LSSI<\/strong><\/p>\n<p>En cumplimiento de lo dispuesto en el art\u00edculo 10 de la Ley de Servicios de la Sociedad de la Informaci\u00f3n y Comercio electr\u00f3nico (Ley 34\/2002) le informamos de los siguientes aspectos:<\/p>\n<p>CS Corporate Casas &amp; Sol\u00e9, S.L.<br \/>\nRoger de Ll\u00faria 118, 5\u00ba 2\u00aa<br \/>\n08037 BARCELONA<\/p>\n<p>Inscrita en el Registro Mercantil de Barcelona en el tomo 29.160, folio 143, hoja n. B-151191<\/p>\n<p>El e-mail de contacto es cscorporateadvisors@cscorporateadvisors.com<\/p>\n<p>En CIF es B61008389<\/p>\n<p><strong>Compromisos de este portal:<\/strong><\/p>\n<p>Esta sociedad no utilizar\u00e1 material protegido por propiedad intelectual o industrial perteneciente a terceros ni utilizar\u00e1 esa p\u00e1gina de ning\u00fan modo que pudiera incurrir en competencia desleal.<\/p>\n<p><strong>Exclusi\u00f3n de responsabilidad<\/strong><\/p>\n<p>CS CORPORATE declina cualquier tipo de responsabilidad por el uso malicioso que pudiera hacerse por parte de un tercero al conectarse usted a nuestra web.<\/p>\n<p>Asimismo, no se responsabiliza del da\u00f1o que se pudiera derivar por un incorrecto uso de esta web o a alguno de los portales que aparezcan como hiperv\u00ednculos en nuestra web.<\/p>\n<p><strong>Ley aplicable y jurisdicci\u00f3n<\/strong><\/p>\n<p>Para cualquier controversia relacionada con el presente aviso legal las partes aceptan el sometimiento expreso a los juzgados de Barcelona.[\/vc_column_text][\/vc_column][\/vc_row]<\/p>\n<\/div>","protected":false},"excerpt":{"rendered":"<p>[vc_row row_height_percent=&#8221;60&#8243; back_image=&#8221;220&#8243; overlay_alpha=&#8221;50&#8243; gutter_size=&#8221;3&#8243; column_width_percent=&#8221;100&#8243; shift_y=&#8221;0&#8243; z_index=&#8221;0&#8243; el_class=&#8221;header-row&#8221;][vc_column column_width_percent=&#8221;55&#8243; position_horizontal=&#8221;left&#8221; position_vertical=&#8221;middle&#8221; style=&#8221;dark&#8221; overlay_alpha=&#8221;50&#8243; gutter_size=&#8221;3&#8243; medium_width=&#8221;0&#8243; mobile_width=&#8221;0&#8243; shift_x=&#8221;0&#8243; shift_y=&#8221;0&#8243; shift_y_down=&#8221;0&#8243; [&hellip;]<\/p>\n","protected":false},"author":1,"featured_media":0,"parent":0,"menu_order":99,"comment_status":"closed","ping_status":"closed","template":"","meta":{"footnotes":""},"class_list":["post-474","page","type-page","status-publish","hentry"],"_links":{"self":[{"href":"https:\/\/cscorporateadvisors.com\/en\/wp-json\/wp\/v2\/pages\/474","targetHints":{"allow":["GET"]}}],"collection":[{"href":"https:\/\/cscorporateadvisors.com\/en\/wp-json\/wp\/v2\/pages"}],"about":[{"href":"https:\/\/cscorporateadvisors.com\/en\/wp-json\/wp\/v2\/types\/page"}],"author":[{"embeddable":true,"href":"https:\/\/cscorporateadvisors.com\/en\/wp-json\/wp\/v2\/users\/1"}],"replies":[{"embeddable":true,"href":"https:\/\/cscorporateadvisors.com\/en\/wp-json\/wp\/v2\/comments?post=474"}],"version-history":[{"count":0,"href":"https:\/\/cscorporateadvisors.com\/en\/wp-json\/wp\/v2\/pages\/474\/revisions"}],"wp:attachment":[{"href":"https:\/\/cscorporateadvisors.com\/en\/wp-json\/wp\/v2\/media?parent=474"}],"curies":[{"name":"wp","href":"https:\/\/api.w.org\/{rel}","templated":true}]}}