{"id":771,"date":"2019-06-03T16:18:00","date_gmt":"2019-06-03T14:18:00","guid":{"rendered":"https:\/\/www.cscorporateadvisors.com\/?page_id=771"},"modified":"2019-06-03T16:54:42","modified_gmt":"2019-06-03T14:54:42","slug":"valoracion","status":"publish","type":"page","link":"https:\/\/cscorporateadvisors.com\/en\/servicios\/valoracion\/","title":{"rendered":"Valoraci\u00f3n"},"content":{"rendered":"<div class=\"wpb-content-wrapper\"><p>[vc_row row_height_percent=&#8221;60&#8243; back_image=&#8221;177&#8243; overlay_alpha=&#8221;50&#8243; gutter_size=&#8221;3&#8243; column_width_percent=&#8221;100&#8243; shift_y=&#8221;0&#8243; z_index=&#8221;0&#8243; el_class=&#8221;header-row&#8221;][vc_column column_width_percent=&#8221;55&#8243; position_horizontal=&#8221;left&#8221; position_vertical=&#8221;middle&#8221; style=&#8221;dark&#8221; overlay_alpha=&#8221;50&#8243; gutter_size=&#8221;3&#8243; medium_width=&#8221;0&#8243; mobile_width=&#8221;0&#8243; shift_x=&#8221;0&#8243; shift_y=&#8221;0&#8243; shift_y_down=&#8221;0&#8243; z_index=&#8221;0&#8243; width=&#8221;1\/1&#8243; el_class=&#8221;contenido-header&#8221;][\/vc_column][\/vc_row][vc_row row_height_percent=&#8221;0&#8243; overlay_alpha=&#8221;50&#8243; gutter_size=&#8221;3&#8243; column_width_percent=&#8221;100&#8243; shift_y=&#8221;0&#8243; z_index=&#8221;0&#8243; el_class=&#8221;seccion-header-servicios&#8221;][vc_column column_width_percent=&#8221;100&#8243; position_horizontal=&#8221;left&#8221; overlay_alpha=&#8221;50&#8243; gutter_size=&#8221;3&#8243; medium_width=&#8221;0&#8243; mobile_width=&#8221;0&#8243; shift_x=&#8221;0&#8243; shift_y=&#8221;0&#8243; shift_y_down=&#8221;0&#8243; z_index=&#8221;0&#8243; width=&#8221;1\/1&#8243;][vc_custom_heading heading_semantic=&#8221;h5&#8243; text_size=&#8221;&#8221; text_space=&#8221;fontspace-197945&#8243; text_weight=&#8221;600&#8243; text_transform=&#8221;uppercase&#8221; text_color=&#8221;color-xsdn&#8221; el_class=&#8221;margen-tituloh5&#8243;]Services[\/vc_custom_heading][vc_custom_heading text_size=&#8221;&#8221; text_color=&#8221;color-825618&#8243;]Our years of experience in Corporate Finance[\/vc_custom_heading][\/vc_column][\/vc_row][vc_row row_height_percent=&#8221;0&#8243; override_padding=&#8221;yes&#8221; h_padding=&#8221;2&#8243; top_padding=&#8221;5&#8243; bottom_padding=&#8221;3&#8243; overlay_alpha=&#8221;50&#8243; gutter_size=&#8221;3&#8243; column_width_percent=&#8221;100&#8243; shift_y=&#8221;0&#8243; z_index=&#8221;0&#8243;][vc_column column_width_percent=&#8221;100&#8243; overlay_alpha=&#8221;50&#8243; gutter_size=&#8221;0&#8243; medium_width=&#8221;0&#8243; mobile_width=&#8221;0&#8243; shift_x=&#8221;0&#8243; shift_y=&#8221;0&#8243; shift_y_down=&#8221;0&#8243; z_index=&#8221;0&#8243; sticky=&#8221;yes&#8221; width=&#8221;1\/3&#8243;][vc_wp_custommenu nav_menu=&#8221;19&#8243;][\/vc_column][vc_column column_width_percent=&#8221;100&#8243; overlay_alpha=&#8221;50&#8243; gutter_size=&#8221;2&#8243; medium_width=&#8221;0&#8243; mobile_width=&#8221;0&#8243; shift_x=&#8221;0&#8243; shift_y=&#8221;0&#8243; shift_y_down=&#8221;0&#8243; z_index=&#8221;0&#8243; width=&#8221;2\/3&#8243; el_class=&#8221;txt-servicios&#8221;][vc_raw_html]JTNDZGl2JTIwaWQlM0QlMjJpbmZvJTIyJTNFJTNDJTJGZGl2JTNF[\/vc_raw_html][vc_custom_heading heading_semantic=&#8221;h3&#8243; text_size=&#8221;&#8221; text_color=&#8221;color-825618&#8243;]Valuations &amp; Fairness opinions[\/vc_custom_heading][vc_empty_space empty_h=&#8221;2&#8243;][vc_column_text]La\u00a0Valuations &amp; Fairness opinions responds to a need to determine the purchase price of any given transaction (buy or sell side).<\/p>\n<p>Some of the normal situations to do a valuation are:[\/vc_column_text][vc_empty_space empty_h=&#8221;0&#8243;][uncode_list icon=&#8221;fa fa-arrow-right2&#8243; icon_color=&#8221;color-137151&#8243;]<\/p>\n<ul>\n<li>Purschasing or selling a stake in the company<\/li>\n<li>Merger<\/li>\n<li>Raise in Capital<\/li>\n<li>For financial or tax purposes<\/li>\n<li>Fairness opinions<\/li>\n<li>Generational succession<\/li>\n<\/ul>\n<p>[\/uncode_list][vc_empty_space empty_h=&#8221;0&#8243;][vc_column_text]CS Corporate work is to analyse El trabajo de\u00a0CS Corporate Advisors\u00a0comprende tanto los an\u00e1lisis de tipo contable, econ\u00f3mico y financiero que son necesarios para llevar a cabo la Valoraci\u00f3n de la Empresa, utilizando los m\u00e9todos com\u00fanmente aceptados que resulten m\u00e1s relevantes para cada caso concreto, como los pasos posteriores a la valoraci\u00f3n y enmarcados dentro del proceso de compraven.[\/vc_column_text][\/vc_column][\/vc_row]<\/p>\n<\/div>","protected":false},"excerpt":{"rendered":"<p>[vc_row row_height_percent=&#8221;60&#8243; back_image=&#8221;177&#8243; overlay_alpha=&#8221;50&#8243; gutter_size=&#8221;3&#8243; column_width_percent=&#8221;100&#8243; shift_y=&#8221;0&#8243; z_index=&#8221;0&#8243; el_class=&#8221;header-row&#8221;][vc_column column_width_percent=&#8221;55&#8243; position_horizontal=&#8221;left&#8221; position_vertical=&#8221;middle&#8221; style=&#8221;dark&#8221; overlay_alpha=&#8221;50&#8243; gutter_size=&#8221;3&#8243; medium_width=&#8221;0&#8243; mobile_width=&#8221;0&#8243; shift_x=&#8221;0&#8243; shift_y=&#8221;0&#8243; shift_y_down=&#8221;0&#8243; [&hellip;]<\/p>\n","protected":false},"author":1,"featured_media":0,"parent":453,"menu_order":2,"comment_status":"closed","ping_status":"closed","template":"","meta":{"footnotes":""},"class_list":["post-771","page","type-page","status-publish","hentry"],"_links":{"self":[{"href":"https:\/\/cscorporateadvisors.com\/en\/wp-json\/wp\/v2\/pages\/771","targetHints":{"allow":["GET"]}}],"collection":[{"href":"https:\/\/cscorporateadvisors.com\/en\/wp-json\/wp\/v2\/pages"}],"about":[{"href":"https:\/\/cscorporateadvisors.com\/en\/wp-json\/wp\/v2\/types\/page"}],"author":[{"embeddable":true,"href":"https:\/\/cscorporateadvisors.com\/en\/wp-json\/wp\/v2\/users\/1"}],"replies":[{"embeddable":true,"href":"https:\/\/cscorporateadvisors.com\/en\/wp-json\/wp\/v2\/comments?post=771"}],"version-history":[{"count":3,"href":"https:\/\/cscorporateadvisors.com\/en\/wp-json\/wp\/v2\/pages\/771\/revisions"}],"predecessor-version":[{"id":861,"href":"https:\/\/cscorporateadvisors.com\/en\/wp-json\/wp\/v2\/pages\/771\/revisions\/861"}],"up":[{"embeddable":true,"href":"https:\/\/cscorporateadvisors.com\/en\/wp-json\/wp\/v2\/pages\/453"}],"wp:attachment":[{"href":"https:\/\/cscorporateadvisors.com\/en\/wp-json\/wp\/v2\/media?parent=771"}],"curies":[{"name":"wp","href":"https:\/\/api.w.org\/{rel}","templated":true}]}}